{"id":1853,"date":"2019-04-04T14:41:52","date_gmt":"2019-04-04T14:41:52","guid":{"rendered":"https:\/\/jthemes.net\/themes\/wp\/nextapp\/?page_id=1853"},"modified":"2025-12-11T13:44:58","modified_gmt":"2025-12-11T13:44:58","slug":"zamow","status":"publish","type":"page","link":"https:\/\/smartvehicle.pl\/index.php\/zamow\/","title":{"rendered":"Zam\u00f3w SafeDrive"},"content":{"rendered":"<div class=\"wpb-content-wrapper\"><p>[vc_section parallax_image_attachment=&#8221;inherit&#8221; padding_class=&#8221;wide-100&#8243; el_id=&#8221;contacts-2&#8243; el_class=&#8221;contacts-section division&#8221;][vc_row][vc_column width=&#8221;1\/12&#8243;][\/vc_column][vc_column width=&#8221;5\/6&#8243;]\r\n        <div class=\"section-title text-center\">\r\n            <h3 class=\"h3-lg\">Chcia\u0142by\u015b zam\u00f3wi\u0107 SafeDrive?<\/h3>\r\n            <p class=\"p-md\">Wype\u0142nij formularz sprzeda\u017cowy poni\u017cej, a odezwiemy si\u0119 do Ciebie z dedykowan\u0105 ofert\u0105 oraz opisem dalszych dzia\u0142a\u0144.<\/p>         \r\n        <\/div>[\/vc_column][vc_column width=&#8221;1\/12&#8243;][\/vc_column][\/vc_row][vc_row][vc_column width=&#8221;1\/12&#8243;][\/vc_column][vc_column width=&#8221;5\/6&#8243;]\n<div class=\"wpcf7 no-js\" id=\"wpcf7-f6-o1\" lang=\"en-US\" dir=\"ltr\" data-wpcf7-id=\"6\">\n<div class=\"screen-reader-response\"><p role=\"status\" aria-live=\"polite\" aria-atomic=\"true\"><\/p> <ul><\/ul><\/div>\n<form action=\"\/index.php\/wp-json\/wp\/v2\/pages\/1853#wpcf7-f6-o1\" method=\"post\" class=\"wpcf7-form init\" aria-label=\"Contact form\" novalidate=\"novalidate\" data-status=\"init\">\n<fieldset class=\"hidden-fields-container\"><input type=\"hidden\" name=\"_wpcf7\" value=\"6\" \/><input type=\"hidden\" name=\"_wpcf7_version\" value=\"6.1.5\" \/><input type=\"hidden\" name=\"_wpcf7_locale\" value=\"en_US\" \/><input type=\"hidden\" name=\"_wpcf7_unit_tag\" value=\"wpcf7-f6-o1\" \/><input type=\"hidden\" name=\"_wpcf7_container_post\" value=\"0\" \/><input type=\"hidden\" name=\"_wpcf7_posted_data_hash\" value=\"\" \/>\n<\/fieldset>\n<div class=\"form-holder\">\n\t<div  class=\"row contact-form\">\n\t\t<div id=\"input-name\" class=\"col-lg-6\">\n\t\t\t<p><span class=\"wpcf7-form-control-wrap\" data-name=\"your-name\"><input size=\"40\" maxlength=\"400\" class=\"wpcf7-form-control wpcf7-text wpcf7-validates-as-required form-control name\" aria-required=\"true\" aria-invalid=\"false\" placeholder=\"Podaj imi\u0119\" value=\"\" type=\"text\" name=\"your-name\" \/><\/span>\n\t\t\t<\/p>\n\t\t<\/div>\n\t\t<div id=\"input-email\" class=\"col-lg-6\">\n\t\t\t<p><span class=\"wpcf7-form-control-wrap\" data-name=\"your-email\"><input size=\"40\" maxlength=\"400\" class=\"wpcf7-form-control wpcf7-email wpcf7-validates-as-required wpcf7-text wpcf7-validates-as-email form-control email\" aria-required=\"true\" aria-invalid=\"false\" placeholder=\"Adres Email\" value=\"\" type=\"email\" name=\"your-email\" \/><\/span>\n\t\t\t<\/p>\n\t\t<\/div>\n\t\t<div id=\"input-subject\" class=\"col-lg-12\">\n\t\t\t<p><span class=\"wpcf7-form-control-wrap\" data-name=\"menu-41\"><select class=\"wpcf7-form-control wpcf7-select wpcf7-validates-as-required custom-select subject valid\" id=\"inlineFormCustomSelect1\" aria-required=\"true\" aria-invalid=\"false\" name=\"menu-41\"><option value=\"Jeste\u015b klientem indywidualnym czy firm\u0105?\">Jeste\u015b klientem indywidualnym czy firm\u0105?<\/option><option value=\"Klient indywidualny\">Klient indywidualny<\/option><option value=\"Firma\">Firma<\/option><option value=\"Chc\u0119 nawi\u0105za\u0107 wsp\u00f3\u0142prac\u0119\">Chc\u0119 nawi\u0105za\u0107 wsp\u00f3\u0142prac\u0119<\/option><\/select><\/span>\n\t\t\t<\/p>\n\t\t<\/div>\n\t\t<div id=\"input-vin\">\n\t\t\t<p><span class=\"wpcf7-form-control-wrap\" data-name=\"text-201\"><input size=\"40\" maxlength=\"18\" minlength=\"17\" class=\"wpcf7-form-control wpcf7-text\" aria-invalid=\"false\" value=\"Podaj VIN\" type=\"text\" name=\"text-201\" \/><\/span>\n\t\t\t<\/p>\n\t\t<\/div>\n\t\t<div id=\"input-message\" class=\"col-lg-12 input-message\">\n\t\t\t<p><span class=\"wpcf7-form-control-wrap\" data-name=\"message\"><textarea cols=\"40\" rows=\"10\" maxlength=\"2000\" class=\"wpcf7-form-control wpcf7-textarea wpcf7-validates-as-required form-control message\" aria-required=\"true\" aria-invalid=\"false\" placeholder=\"Opisz szczeg\u00f3\u0142owo zam\u00f3wienie....\" name=\"message\"><\/textarea><\/span>\n\t\t\t<\/p>\n\t\t<\/div>\n\t\t<div class=\"col-lg-12 text-right text-sm-center mt-10 form-btn\">\n\t\t\t<p><button type=\"submit\" class=\"btn btn-lg btn-rose white-color submit btn-arrow wpcf7-form-control wpcf7-submit\">Wy\u015blij zam\u00f3wienie<\/button>\n\t\t\t<\/p>\n\t\t<\/div>\n\t\t<div class=\"col-lg-12 contact-form-msg\">\n\t\t<div class=\"wpcf7-response-output\" aria-hidden=\"true\"><\/div>\n\t\t<\/div>\n\t<\/div>\n<\/div>\n<\/form>\n<\/div>\n[\/vc_column][vc_column width=&#8221;1\/12&#8243;][\/vc_column][\/vc_row][\/vc_section][vc_section section_type=&#8221;download&#8221; download_type=&#8221;1&#8243; bg_class=&#8221;bg-tra&#8221; parallax_image_attachment=&#8221;scroll&#8221; padding_class=&#8221;&#8221; el_class=&#8221;bg-geometric&#8221;][vc_row][vc_column width=&#8221;1\/12&#8243; column_inner_style=&#8221;download-img&#8221; download_img_type=&#8221;5&#8243;][\/vc_column][vc_column width=&#8221;10\/12&#8243;]\r\n        <div class=\"download-txt white-color text-center\"> \r\n        \t            \r\n            <h3 class=\"Default h3-xs none  wow perch-fadeInUp fadeInUp\" data-wow-delay=\"300ms\" data-wow-duration=\"1200ms\">Aktualizacja aplikacji w toku<\/h3>\r\n            <p class=\"Default p-md none  wow perch-fadeInUp fadeInUp\" data-wow-delay=\"400ms\" data-wow-duration=\"1200ms\">W zwi\u0105zku z najnowszymi wymogami bezpiecze\u0144stwa oraz polityk\u0105 Google, prowadzimy prace nad dostosowaniem naszej aplikacji do bie\u017c\u0105cych standard\u00f3w. Po zako\u0144czeniu aktualizacji poinformujemy o jej ponownej dost\u0119pno\u015bci w sklepie Google Play.<\/p>\n<p>Do tego czasu aplikacja pozostaje dost\u0119pna dla starszych wersji systemu Android \u2014 instalacji dokonuj\u0105 nasi specjali\u015bci na \u017cyczenie u\u017cytkownika.<\/p>    \r\n             \r\n                  \r\n        <\/div>[\/vc_column][vc_column width=&#8221;1\/12&#8243;][\/vc_column][\/vc_row][\/vc_section]<\/p>\n<\/div>","protected":false},"excerpt":{"rendered":"<p>[vc_section parallax_image_attachment=&#8221;inherit&#8221; padding_class=&#8221;wide-100&#8243; el_id=&#8221;contacts-2&#8243; el_class=&#8221;contacts-section division&#8221;][vc_row][vc_column width=&#8221;1\/12&#8243;][\/vc_column][vc_column width=&#8221;5\/6&#8243;][\/vc_column][vc_column width=&#8221;1\/12&#8243;][\/vc_column][\/vc_row][vc_row][vc_column width=&#8221;1\/12&#8243;][\/vc_column][vc_column width=&#8221;5\/6&#8243;][\/vc_column][vc_column width=&#8221;1\/12&#8243;][\/vc_column][\/vc_row][\/vc_section][vc_section section_type=&#8221;download&#8221; download_type=&#8221;1&#8243; bg_class=&#8221;bg-tra&#8221; parallax_image_attachment=&#8221;scroll&#8221; padding_class=&#8221;&#8221; el_class=&#8221;bg-geometric&#8221;][vc_row][vc_column width=&#8221;1\/12&#8243; column_inner_style=&#8221;download-img&#8221; download_img_type=&#8221;5&#8243;][\/vc_column][vc_column width=&#8221;10\/12&#8243;][\/vc_column][vc_column width=&#8221;1\/12&#8243;][\/vc_column][\/vc_row][\/vc_section]<\/p>\n","protected":false},"author":1,"featured_media":0,"parent":0,"menu_order":0,"comment_status":"closed","ping_status":"closed","template":"","meta":{"_monsterinsights_skip_tracking":false,"_monsterinsights_sitenote_active":false,"_monsterinsights_sitenote_note":"","_monsterinsights_sitenote_category":0,"footnotes":""},"class_list":["post-1853","page","type-page","status-publish","hentry","no-post-thumbnail"],"aioseo_notices":[],"post_mailing_queue_ids":[],"_links":{"self":[{"href":"https:\/\/smartvehicle.pl\/index.php\/wp-json\/wp\/v2\/pages\/1853","targetHints":{"allow":["GET"]}}],"collection":[{"href":"https:\/\/smartvehicle.pl\/index.php\/wp-json\/wp\/v2\/pages"}],"about":[{"href":"https:\/\/smartvehicle.pl\/index.php\/wp-json\/wp\/v2\/types\/page"}],"author":[{"embeddable":true,"href":"https:\/\/smartvehicle.pl\/index.php\/wp-json\/wp\/v2\/users\/1"}],"replies":[{"embeddable":true,"href":"https:\/\/smartvehicle.pl\/index.php\/wp-json\/wp\/v2\/comments?post=1853"}],"version-history":[{"count":5,"href":"https:\/\/smartvehicle.pl\/index.php\/wp-json\/wp\/v2\/pages\/1853\/revisions"}],"predecessor-version":[{"id":2787,"href":"https:\/\/smartvehicle.pl\/index.php\/wp-json\/wp\/v2\/pages\/1853\/revisions\/2787"}],"wp:attachment":[{"href":"https:\/\/smartvehicle.pl\/index.php\/wp-json\/wp\/v2\/media?parent=1853"}],"curies":[{"name":"wp","href":"https:\/\/api.w.org\/{rel}","templated":true}]}}